{"id":3264,"date":"2012-05-15T11:14:35","date_gmt":"2012-05-15T09:14:35","guid":{"rendered":"http:\/\/www.seelitoivio.com\/wordpress\/?page_id=73"},"modified":"2016-03-06T16:28:27","modified_gmt":"2016-03-06T14:28:27","slug":"cds-and-dvds","status":"publish","type":"page","link":"https:\/\/www.seelitoivio.com\/en\/cds-and-dvds\/","title":{"rendered":"CD and DVD"},"content":{"rendered":"<table border=\"0\" width=\"100%\" cellspacing=\"2\" cellpadding=\"2\">\n<tbody>\n<tr>\n<td align=\"left\" valign=\"top\" width=\"300\"><a href=\"https:\/\/www.seelitoivio.com\/wordpress\/wp-content\/uploads\/2015\/03\/GrandPop_Kansi_netti.jpg\"><img loading=\"lazy\" decoding=\"async\" class=\"alignleft size-thumbnail wp-image-1763\" src=\"https:\/\/www.seelitoivio.com\/wordpress\/wp-content\/uploads\/2015\/03\/GrandPop_Kansi_netti-150x150.jpg\" alt=\"GrandPop_Kansi_netti\" width=\"150\" height=\"150\" \/><\/a><\/td>\n<td align=\"left\" valign=\"top\">\n<h2>Grand Pop<br \/>\n2015, CelebCD<\/h2>\n<p>The 1st Pop CD from Seeli Toivio. Her own music and arrangements. Seeli plays the electric cello and sings.<\/p>\n<p>Including her arrangements from the classical hits Saint-Saens <em>The Swan,<\/em> J. S. Bach Concerto in A Minor 1st movement + Air, and Bach\u2013Gounod&#8217;s <em>Ave Maria.<\/em><\/p>\n<p>Also performing on this CD:<br \/>\nHeikki Sassi, bass (voice)<br \/>\n<a href=\"https:\/\/www.elisajarvela.net\">Elisa J\u00e4rvel\u00e4<\/a>, electric violin<br \/>\n<a href=\"https:\/\/www.helenaplathan.fi\">Helena Plath\u00e1n<\/a>, electric cello<\/td>\n<\/tr>\n<\/tbody>\n<tbody>\n<tr>\n<td align=\"left\" valign=\"top\" width=\"300\">\u00a0<a href=\"https:\/\/www.seelitoivio.com\/wordpress\/wp-content\/uploads\/2012\/05\/Duo-Peili-Journey.jpg\"><img loading=\"lazy\" decoding=\"async\" class=\"alignleft size-thumbnail wp-image-1800\" src=\"https:\/\/www.seelitoivio.com\/wordpress\/wp-content\/uploads\/2012\/05\/Duo-Peili-Journey-150x150.jpg\" alt=\"Duo Peili Journey\" width=\"150\" height=\"150\" \/><\/a><\/td>\n<td align=\"left\" valign=\"top\">\n<h2>Journey<br \/>\n2014, CelebCD<\/h2>\n<p>The 2nd CD of the cello and kantele duo <a href=\"https:\/\/www.facebook.com\/duopeili\">Duo Peili.<\/a><\/p>\n<p>Seeli Toivio, cello and Hedi Viisma, chromatic kantele.<\/p>\n<p>Works performed by cello and chromatic kantele by J. S. Bach, Matthew Whittall, O. Merikanto, D&#8217;Ambrosio, Sibelius etc.<\/p>\n<p>Also kantele solo works by Matthew Whittall and Isaac Albeniz.<\/td>\n<\/tr>\n<\/tbody>\n<tbody>\n<tr>\n<td align=\"left\" valign=\"top\" width=\"300\"><a href=\"https:\/\/www.seelitoivio.com\/wordpress\/wp-content\/uploads\/2013\/08\/FLOW.jpg\"><img loading=\"lazy\" decoding=\"async\" class=\"alignleft size-thumbnail wp-image-1265\" title=\"FLOW\" src=\"https:\/\/www.seelitoivio.com\/wordpress\/wp-content\/uploads\/2013\/08\/FLOW-150x150.jpg\" alt=\"\" width=\"150\" height=\"150\" \/><\/a><\/td>\n<td align=\"left\" valign=\"top\">\n<h2>Flow<br \/>\n2013, CelebCD<\/h2>\n<p>The 2nd CD of <a href=\"https:\/\/www.facebook.com\/duotoiviopuusepp\">Duo Toivio-Puusepp<\/a> (Seeli Toivio and harpist <a href=\"https:\/\/www.harppu.fi\">Lily-Marlene Puusepp<\/a>). Including Seeli&#8217;s composition <em>Flow<\/em> for cello and harp. Beautiful music by Debussy, Monti, Huber, Respighi, etc. performed also by other chamber groups:<\/p>\n<p>Strings<br \/>\nSeeli Toivio, cello<br \/>\nHedi Viisma, kantele<br \/>\n<a href=\"https:\/\/www.harppu.fi\">Lily-Marlene Puusepp<\/a>, harp<\/p>\n<p><a href=\"https:\/\/www.facebook.com\/trioideale\">Trio Ideale<\/a><br \/>\n<a href=\"https:\/\/www.petterilehikoinen.com\">Petteri Lehikoinen<\/a>, baritone<br \/>\nSeeli Toivio, cello<br \/>\n<a href=\"https:\/\/www.harppu.fi\">Lily-Marlene Puusepp<\/a>, harp<\/p>\n<p>Violin \u2013 Cello \u2013 Harp<br \/>\n<a href=\"https:\/\/www.lindahedlund.com\">Linda Hedlund<\/a>, violin<br \/>\nSeeli Toivio, cello<br \/>\n<a href=\"https:\/\/www.harppu.fi\">Lily-Marlene Puusepp<\/a>, harp<\/p>\n<p>Also performing on this CD: <a href=\"https:\/\/www.juttaholmberg.com\">Jutta Holmberg<\/a> (mezzosoprano) with violinist <a href=\"https:\/\/www.lindahedlund.com\">Linda Hedlund<\/a>, cellist Seeli Toivio, and harpist <a href=\"https:\/\/www.harppu.fi\">Lily-Marlene Puusepp<\/a>.<\/td>\n<\/tr>\n<tr>\n<td align=\"left\" valign=\"top\" width=\"300\"><a href=\"https:\/\/www.seelitoivio.com\/wordpress\/wp-content\/uploads\/2012\/12\/Toivio-VirtuosoCello.jpg\"><img loading=\"lazy\" decoding=\"async\" class=\"alignleft size-thumbnail wp-image-967\" title=\"Toivio-VirtuosoCello\" src=\"https:\/\/www.seelitoivio.com\/wordpress\/wp-content\/uploads\/2012\/12\/Toivio-VirtuosoCello-150x150.jpg\" alt=\"\" width=\"150\" height=\"150\" \/><\/a><\/td>\n<td align=\"left\" valign=\"top\">\n<h2>Virtuoso Cello<br \/>\n2011, Alba Records<\/h2>\n<p>The 1st CD of <a href=\"https:\/\/www.facebook.com\/duotoivio \">Duo Toivio<\/a>.<\/p>\n<p>Seeli Toivio and her brother, pianist <a href=\"https:\/\/www.kalletoivio.com\">Kalle Toivio<\/a> perform virtuoso violin works by Bazzini, Sarasate, Wieniawski, Paganini, Brahms, and Monti.<\/p>\n<p>Violin works are transcribed for cello by Seeli Toivio.<\/td>\n<\/tr>\n<tr>\n<td align=\"left\" valign=\"top\" width=\"300\"><a href=\"https:\/\/www.seelitoivio.com\/wordpress\/wp-content\/uploads\/2012\/05\/DuoPeili_iso.jpg\"><img loading=\"lazy\" decoding=\"async\" class=\"alignnone size-thumbnail wp-image-82\" title=\"DuoPeili_iso\" src=\"https:\/\/www.seelitoivio.com\/wordpress\/wp-content\/uploads\/2012\/05\/DuoPeili_iso-150x150.jpg\" alt=\"\" width=\"150\" height=\"150\" \/><\/a><\/td>\n<td align=\"left\" valign=\"top\">\n<h2>Reflections<br \/>\n2011, CelebCD<\/h2>\n<p>The first CD of the cello and kantele duo <a href=\"https:\/\/www.facebook.com\/duopeili\">Duo Peili<\/a>.<\/p>\n<p>Seeli Toivio, cello and Hedi Viisma, kantele.<\/p>\n<p>Popper&#8217;s <em>Elfentanz<\/em>, Rimsky-Korsakov&#8217;s <em>Flight of the Bumble Bee<\/em>, Faur\u00e9&#8217;s<em> En Sourdine<\/em>, Boccherini&#8217;s Menuett, Vivaldi&#8217;s Sonata nr. 3, and other beautiful music.<\/td>\n<\/tr>\n<tr>\n<td align=\"left\" valign=\"top\"><a href=\"https:\/\/www.seelitoivio.com\/wordpress\/wp-content\/uploads\/2012\/05\/Serenade2011_iso.jpg\"><img loading=\"lazy\" decoding=\"async\" class=\"alignnone size-thumbnail wp-image-83\" title=\"Serenade2011_iso\" src=\"https:\/\/www.seelitoivio.com\/wordpress\/wp-content\/uploads\/2012\/05\/Serenade2011_iso-150x150.jpg\" alt=\"\" width=\"150\" height=\"150\" \/><\/a><\/td>\n<td align=\"left\" valign=\"top\">\n<h2>Serenade<br \/>\n2011, CelebCD<\/h2>\n<p>Romantic and virtuoso music for cello and harp by <a href=\"https:\/\/www.facebook.com\/duotoiviopuusepp\">Duo Toivio-Puusepp:<\/a><\/p>\n<p>Seeli Toivio, cello<br \/>\n<a href=\"https:\/\/www.harppu.fi\">Lily-Marlene Puusepp<\/a>, harp<\/p>\n<p>Liszt: <em>Liebestraum<\/em>, Schubert: <em>Serenade<\/em>, Massenet: <em>Meditation<\/em>, Schumann: <em>Tr\u00e4umerei<\/em>\u2026<\/td>\n<\/tr>\n<tr>\n<td align=\"left\" valign=\"top\" width=\"37%\"><a href=\"https:\/\/www.seelitoivio.com\/wordpress\/wp-content\/uploads\/2012\/05\/SalutDAmour1.jpg\"><img loading=\"lazy\" decoding=\"async\" class=\"alignnone size-thumbnail wp-image-118\" title=\"SalutDAmour\" src=\"https:\/\/www.seelitoivio.com\/wordpress\/wp-content\/uploads\/2012\/05\/SalutDAmour1-150x150.jpg\" alt=\"\" width=\"150\" height=\"150\" \/><\/a><\/td>\n<td align=\"left\" valign=\"top\" width=\"63%\">\n<h2>Salut D&#8217;Amour<br \/>\n2009, CelebCD<\/h2>\n<p>Romantic and virtuoso music for cello and harp by <a href=\"https:\/\/www.facebook.com\/duotoiviopuusepp\">Duo Toivio-Puusepp<\/a>:<\/p>\n<p>Seeli Toivio, cello<br \/>\n<a href=\"https:\/\/www.harppu.fi\">Lily-Marlene Puusepp<\/a>, harp<\/td>\n<\/tr>\n<tr>\n<td align=\"left\" valign=\"top\"><\/td>\n<td align=\"left\" valign=\"top\"><\/td>\n<\/tr>\n<tr>\n<td align=\"left\" valign=\"top\"><a href=\"https:\/\/www.seelitoivio.com\/wordpress\/wp-content\/uploads\/2012\/05\/Mozart-Beethoven1.jpg\"><img loading=\"lazy\" decoding=\"async\" class=\"alignnone size-thumbnail wp-image-122\" title=\"Mozart---Beethoven\" src=\"https:\/\/www.seelitoivio.com\/wordpress\/wp-content\/uploads\/2012\/05\/Mozart-Beethoven1-150x150.jpg\" alt=\"\" width=\"150\" height=\"150\" \/><\/a><\/td>\n<td align=\"left\" valign=\"top\">\n<h2>Mozart \u2013 Beethoven<\/h2>\n<p>Beethoven: Triple Concerto for violin, cello, and piano<\/p>\n<p><a href=\"https:\/\/www.elinavahala.com\">Elina V\u00e4h\u00e4l\u00e4<\/a>, violin<br \/>\nSeeli Toivio, cello<br \/>\n<a href=\"https:\/\/www.kalletoivio.com\">Kalle Toivio<\/a>, piano<br \/>\nNew Lahti Chamber Orchestra<br \/>\nEsa Heikkil\u00e4, conductor<\/p>\n<p>Mozart: Concerto for 2 violins and orchestra<\/p>\n<p>Satu V\u00e4nsk\u00e4 and Kati Hercegh, violins<br \/>\nNew Lahti Chamber Orchestra<br \/>\nEsa Heikkil\u00e4, conductor<\/td>\n<\/tr>\n<tr>\n<td align=\"left\" valign=\"top\"><\/td>\n<td align=\"left\" valign=\"top\"><\/td>\n<\/tr>\n<tr>\n<td align=\"left\" valign=\"top\"><a href=\"https:\/\/www.seelitoivio.com\/wordpress\/wp-content\/uploads\/2012\/05\/Souvenir.jpg\"><img loading=\"lazy\" decoding=\"async\" class=\"alignnone size-thumbnail wp-image-138\" title=\"Souvenir\" src=\"https:\/\/www.seelitoivio.com\/wordpress\/wp-content\/uploads\/2012\/05\/Souvenir-150x150.jpg\" alt=\"\" width=\"150\" height=\"150\" \/><\/a><\/td>\n<td align=\"left\" valign=\"top\">\n<h2>Souvenir<br \/>\n2007, Festival Servais<\/h2>\n<p>Some of Adrien Fran\u00e7ois&#8217; (1807\u20131866) cello and chamber music works recorded at the Servais Festival 2007 (Belgium)<\/p>\n<p><strong>Cello<\/strong>:<br \/>\nSeeli Toivio<br \/>\nViviane Spanoghe<br \/>\nLuc Tooten<br \/>\nAlexander H\u00fclshoff<\/p>\n<p><strong>Piano<\/strong>:<br \/>\n<a href=\"https:\/\/www.kalletoivio.com\">Kalle Toivio<\/a><br \/>\nAndr\u00e9 De Groote<br \/>\nSt\u00e9phane De May<\/td>\n<\/tr>\n<tr>\n<td align=\"left\" valign=\"top\"><\/td>\n<td align=\"left\" valign=\"top\"><\/td>\n<\/tr>\n<tr>\n<td align=\"left\" valign=\"top\"><a href=\"https:\/\/www.seelitoivio.com\/wordpress\/wp-content\/uploads\/2012\/05\/Souvenirdvd.jpg\"><img loading=\"lazy\" decoding=\"async\" class=\"alignnone size-medium wp-image-145\" title=\"Souvenirdvd\" src=\"https:\/\/www.seelitoivio.com\/wordpress\/wp-content\/uploads\/2012\/05\/Souvenirdvd-212x300.jpg\" alt=\"\" width=\"212\" height=\"300\" \/><\/a><\/td>\n<td align=\"left\" valign=\"top\">\n<h2>Souvenir DVD<br \/>\n2007, Festival Servais<\/h2>\n<p>Some of Adrien Fran\u00e7ois Servais&#8217; (1807\u20131866) cello and chamber music works filmed from concerts at the Servais Festival 2007 (Belgium)<\/p>\n<p>Seeli Toivio, cello<br \/>\n<a href=\"https:\/\/www.kalletoivio.com\">Kalle Toivio<\/a>, piano<br \/>\nAnner Bijlsma, cello<br \/>\nAlexander H\u00fchlshoff, cello<br \/>\nFriedemann Eichhorn, violin<\/p>\n<p>Seeli Toivio, cello<br \/>\nAlexander H\u00fchlshoff, cello<br \/>\n<a href=\"https:\/\/www.kalletoivio.com\">Kalle Toivio<\/a>, piano<\/td>\n<\/tr>\n<tr>\n<td align=\"left\" valign=\"top\"><\/td>\n<td align=\"left\" valign=\"top\"><\/td>\n<\/tr>\n<tr>\n<td align=\"left\" valign=\"top\"><a href=\"https:\/\/www.seelitoivio.com\/wordpress\/wp-content\/uploads\/2012\/05\/A.-F.-Servais.jpg\"><img loading=\"lazy\" decoding=\"async\" class=\"alignnone size-thumbnail wp-image-86\" title=\"A.-F.-Servais\" src=\"https:\/\/www.seelitoivio.com\/wordpress\/wp-content\/uploads\/2012\/05\/A.-F.-Servais-150x150.jpg\" alt=\"\" width=\"150\" height=\"150\" \/><\/a><\/td>\n<td align=\"left\" valign=\"top\">\n<h2>Adrien Fran\u00e7ois Servais (1807\u20131866)<br \/>\n2007, Festival Servais<\/h2>\n<p>Selected soloist and chamber cello works by Servais<\/p>\n<p>Seeli Toivio, cello<br \/>\nUusinta Chamber Orchestra<br \/>\nEva Ollikainen, conductor<br \/>\nJan Skopowski, cello<br \/>\nJulien Libeer, piano<br \/>\nAlexander H\u00fchlshoff, cello<br \/>\nFriedemann Eichhorn, violin<\/td>\n<\/tr>\n<tr>\n<td align=\"left\" valign=\"top\"><\/td>\n<td align=\"left\" valign=\"top\"><\/td>\n<\/tr>\n<tr>\n<td align=\"left\" valign=\"top\"><a href=\"https:\/\/www.seelitoivio.com\/wordpress\/wp-content\/uploads\/2012\/05\/Ildebrando-Pizzetti.jpg\"><img loading=\"lazy\" decoding=\"async\" class=\"alignnone size-thumbnail wp-image-99\" title=\"Ildebrando-Pizzetti\" src=\"https:\/\/www.seelitoivio.com\/wordpress\/wp-content\/uploads\/2012\/05\/Ildebrando-Pizzetti-150x150.jpg\" alt=\"\" width=\"150\" height=\"150\" \/><\/a><\/td>\n<td align=\"left\" valign=\"top\">\n<h2>Ildebrando Pizzetti<br \/>\n1998, Gega New<\/h2>\n<p>World Premieres: Works for cello and piano<\/p>\n<p>Including Pizzetti&#8217;s Sonata for cello and piano<\/p>\n<p>Seeli Toivio, cello<br \/>\nIvo Varbanov, piano<\/td>\n<\/tr>\n<\/tbody>\n<\/table>\n","protected":false},"excerpt":{"rendered":"<p>Grand Pop 2015, CelebCD The 1st Pop CD from Seeli Toivio. Her own music and arrangements. Seeli plays the electric cello and sings. Including her arrangements from the classical hits Saint-Saens The Swan, J. S. Bach Concerto in A Minor 1st movement + Air, and Bach\u2013Gounod&#8217;s Ave Maria. Also performing on this CD: Heikki Sassi, [&hellip;]<\/p>\n","protected":false},"author":1,"featured_media":0,"parent":0,"menu_order":5,"comment_status":"closed","ping_status":"closed","template":"","meta":{"_et_pb_use_builder":"on","_et_pb_old_content":"","_et_gb_content_width":"","ngg_post_thumbnail":0,"footnotes":""},"class_list":["post-3264","page","type-page","status-publish","hentry"],"yoast_head":"<!-- This site is optimized with the Yoast SEO plugin v27.2 - https:\/\/yoast.com\/product\/yoast-seo-wordpress\/ -->\n<title>CD and DVD - Seeli Toivio<\/title>\n<meta name=\"robots\" content=\"index, follow, max-snippet:-1, max-image-preview:large, max-video-preview:-1\" \/>\n<link rel=\"canonical\" href=\"https:\/\/www.seelitoivio.com\/en\/cds-and-dvds\/\" \/>\n<meta property=\"og:locale\" content=\"en_US\" \/>\n<meta property=\"og:type\" content=\"article\" \/>\n<meta property=\"og:title\" content=\"CD and DVD - Seeli Toivio\" \/>\n<meta property=\"og:description\" content=\"Grand Pop 2015, CelebCD The 1st Pop CD from Seeli Toivio. Her own music and arrangements. Seeli plays the electric cello and sings. Including her arrangements from the classical hits Saint-Saens The Swan, J. S. Bach Concerto in A Minor 1st movement + Air, and Bach\u2013Gounod&#039;s Ave Maria. Also performing on this CD: Heikki Sassi, [&hellip;]\" \/>\n<meta property=\"og:url\" content=\"https:\/\/www.seelitoivio.com\/en\/cds-and-dvds\/\" \/>\n<meta property=\"og:site_name\" content=\"Seeli Toivio\" \/>\n<meta property=\"article:modified_time\" content=\"2016-03-06T14:28:27+00:00\" \/>\n<meta property=\"og:image\" content=\"https:\/\/www.seelitoivio.com\/wordpress\/wp-content\/uploads\/2015\/03\/GrandPop_Kansi_netti-150x150.jpg\" \/>\n<meta name=\"twitter:card\" content=\"summary_large_image\" \/>\n<meta name=\"twitter:label1\" content=\"Est. reading time\" \/>\n\t<meta name=\"twitter:data1\" content=\"3 minutes\" \/>\n<script type=\"application\/ld+json\" class=\"yoast-schema-graph\">{\"@context\":\"https:\/\/schema.org\",\"@graph\":[{\"@type\":\"WebPage\",\"@id\":\"https:\/\/www.seelitoivio.com\/en\/cds-and-dvds\/\",\"url\":\"https:\/\/www.seelitoivio.com\/en\/cds-and-dvds\/\",\"name\":\"CD and DVD - Seeli Toivio\",\"isPartOf\":{\"@id\":\"https:\/\/www.seelitoivio.com\/#website\"},\"primaryImageOfPage\":{\"@id\":\"https:\/\/www.seelitoivio.com\/en\/cds-and-dvds\/#primaryimage\"},\"image\":{\"@id\":\"https:\/\/www.seelitoivio.com\/en\/cds-and-dvds\/#primaryimage\"},\"thumbnailUrl\":\"https:\/\/www.seelitoivio.com\/wordpress\/wp-content\/uploads\/2015\/03\/GrandPop_Kansi_netti-150x150.jpg\",\"datePublished\":\"2012-05-15T09:14:35+00:00\",\"dateModified\":\"2016-03-06T14:28:27+00:00\",\"breadcrumb\":{\"@id\":\"https:\/\/www.seelitoivio.com\/en\/cds-and-dvds\/#breadcrumb\"},\"inLanguage\":\"en-US\",\"potentialAction\":[{\"@type\":\"ReadAction\",\"target\":[\"https:\/\/www.seelitoivio.com\/en\/cds-and-dvds\/\"]}]},{\"@type\":\"ImageObject\",\"inLanguage\":\"en-US\",\"@id\":\"https:\/\/www.seelitoivio.com\/en\/cds-and-dvds\/#primaryimage\",\"url\":\"https:\/\/www.seelitoivio.com\/wordpress\/wp-content\/uploads\/2015\/03\/GrandPop_Kansi_netti-150x150.jpg\",\"contentUrl\":\"https:\/\/www.seelitoivio.com\/wordpress\/wp-content\/uploads\/2015\/03\/GrandPop_Kansi_netti-150x150.jpg\"},{\"@type\":\"BreadcrumbList\",\"@id\":\"https:\/\/www.seelitoivio.com\/en\/cds-and-dvds\/#breadcrumb\",\"itemListElement\":[{\"@type\":\"ListItem\",\"position\":1,\"name\":\"Etusivu\",\"item\":\"https:\/\/www.seelitoivio.com\/\"},{\"@type\":\"ListItem\",\"position\":2,\"name\":\"CD and DVD\"}]},{\"@type\":\"WebSite\",\"@id\":\"https:\/\/www.seelitoivio.com\/#website\",\"url\":\"https:\/\/www.seelitoivio.com\/\",\"name\":\"Seeli Toivio\",\"description\":\"laulaja-lauluntekij&auml;, sellisti ja s&auml;hk&ouml;sellisti\",\"potentialAction\":[{\"@type\":\"SearchAction\",\"target\":{\"@type\":\"EntryPoint\",\"urlTemplate\":\"https:\/\/www.seelitoivio.com\/?s={search_term_string}\"},\"query-input\":{\"@type\":\"PropertyValueSpecification\",\"valueRequired\":true,\"valueName\":\"search_term_string\"}}],\"inLanguage\":\"en-US\"}]}<\/script>\n<!-- \/ Yoast SEO plugin. -->","yoast_head_json":{"title":"CD and DVD - Seeli Toivio","robots":{"index":"index","follow":"follow","max-snippet":"max-snippet:-1","max-image-preview":"max-image-preview:large","max-video-preview":"max-video-preview:-1"},"canonical":"https:\/\/www.seelitoivio.com\/en\/cds-and-dvds\/","og_locale":"en_US","og_type":"article","og_title":"CD and DVD - Seeli Toivio","og_description":"Grand Pop 2015, CelebCD The 1st Pop CD from Seeli Toivio. Her own music and arrangements. Seeli plays the electric cello and sings. Including her arrangements from the classical hits Saint-Saens The Swan, J. S. Bach Concerto in A Minor 1st movement + Air, and Bach\u2013Gounod's Ave Maria. Also performing on this CD: Heikki Sassi, [&hellip;]","og_url":"https:\/\/www.seelitoivio.com\/en\/cds-and-dvds\/","og_site_name":"Seeli Toivio","article_modified_time":"2016-03-06T14:28:27+00:00","og_image":[{"url":"https:\/\/www.seelitoivio.com\/wordpress\/wp-content\/uploads\/2015\/03\/GrandPop_Kansi_netti-150x150.jpg","type":"","width":"","height":""}],"twitter_card":"summary_large_image","twitter_misc":{"Est. reading time":"3 minutes"},"schema":{"@context":"https:\/\/schema.org","@graph":[{"@type":"WebPage","@id":"https:\/\/www.seelitoivio.com\/en\/cds-and-dvds\/","url":"https:\/\/www.seelitoivio.com\/en\/cds-and-dvds\/","name":"CD and DVD - Seeli Toivio","isPartOf":{"@id":"https:\/\/www.seelitoivio.com\/#website"},"primaryImageOfPage":{"@id":"https:\/\/www.seelitoivio.com\/en\/cds-and-dvds\/#primaryimage"},"image":{"@id":"https:\/\/www.seelitoivio.com\/en\/cds-and-dvds\/#primaryimage"},"thumbnailUrl":"https:\/\/www.seelitoivio.com\/wordpress\/wp-content\/uploads\/2015\/03\/GrandPop_Kansi_netti-150x150.jpg","datePublished":"2012-05-15T09:14:35+00:00","dateModified":"2016-03-06T14:28:27+00:00","breadcrumb":{"@id":"https:\/\/www.seelitoivio.com\/en\/cds-and-dvds\/#breadcrumb"},"inLanguage":"en-US","potentialAction":[{"@type":"ReadAction","target":["https:\/\/www.seelitoivio.com\/en\/cds-and-dvds\/"]}]},{"@type":"ImageObject","inLanguage":"en-US","@id":"https:\/\/www.seelitoivio.com\/en\/cds-and-dvds\/#primaryimage","url":"https:\/\/www.seelitoivio.com\/wordpress\/wp-content\/uploads\/2015\/03\/GrandPop_Kansi_netti-150x150.jpg","contentUrl":"https:\/\/www.seelitoivio.com\/wordpress\/wp-content\/uploads\/2015\/03\/GrandPop_Kansi_netti-150x150.jpg"},{"@type":"BreadcrumbList","@id":"https:\/\/www.seelitoivio.com\/en\/cds-and-dvds\/#breadcrumb","itemListElement":[{"@type":"ListItem","position":1,"name":"Etusivu","item":"https:\/\/www.seelitoivio.com\/"},{"@type":"ListItem","position":2,"name":"CD and DVD"}]},{"@type":"WebSite","@id":"https:\/\/www.seelitoivio.com\/#website","url":"https:\/\/www.seelitoivio.com\/","name":"Seeli Toivio","description":"laulaja-lauluntekij&auml;, sellisti ja s&auml;hk&ouml;sellisti","potentialAction":[{"@type":"SearchAction","target":{"@type":"EntryPoint","urlTemplate":"https:\/\/www.seelitoivio.com\/?s={search_term_string}"},"query-input":{"@type":"PropertyValueSpecification","valueRequired":true,"valueName":"search_term_string"}}],"inLanguage":"en-US"}]}},"_links":{"self":[{"href":"https:\/\/www.seelitoivio.com\/en\/wp-json\/wp\/v2\/pages\/3264","targetHints":{"allow":["GET"]}}],"collection":[{"href":"https:\/\/www.seelitoivio.com\/en\/wp-json\/wp\/v2\/pages"}],"about":[{"href":"https:\/\/www.seelitoivio.com\/en\/wp-json\/wp\/v2\/types\/page"}],"author":[{"embeddable":true,"href":"https:\/\/www.seelitoivio.com\/en\/wp-json\/wp\/v2\/users\/1"}],"replies":[{"embeddable":true,"href":"https:\/\/www.seelitoivio.com\/en\/wp-json\/wp\/v2\/comments?post=3264"}],"version-history":[{"count":1,"href":"https:\/\/www.seelitoivio.com\/en\/wp-json\/wp\/v2\/pages\/3264\/revisions"}],"predecessor-version":[{"id":3434,"href":"https:\/\/www.seelitoivio.com\/en\/wp-json\/wp\/v2\/pages\/3264\/revisions\/3434"}],"wp:attachment":[{"href":"https:\/\/www.seelitoivio.com\/en\/wp-json\/wp\/v2\/media?parent=3264"}],"curies":[{"name":"wp","href":"https:\/\/api.w.org\/{rel}","templated":true}]}}