{"id":3277,"date":"2012-05-15T12:43:04","date_gmt":"2012-05-15T10:43:04","guid":{"rendered":"http:\/\/www.seelitoivio.com\/wordpress\/?page_id=195"},"modified":"2016-03-06T14:38:29","modified_gmt":"2016-03-06T12:38:29","slug":"trio","status":"publish","type":"page","link":"https:\/\/www.seelitoivio.com\/en\/repertoire\/classical-cello\/trio\/","title":{"rendered":"Trio"},"content":{"rendered":"<table border=\"0\" width=\"100%\" cellspacing=\"2\" cellpadding=\"2\">\n<tbody>\n<tr>\n<td align=\"left\" valign=\"top\" width=\"310\">\n<h2>Violin, Cello, Piano<\/h2>\n<\/td>\n<td align=\"left\" valign=\"top\">\n<table border=\"0\" cellspacing=\"0\" cellpadding=\"0\" align=\"right\">\n<tbody>\n<tr>\n<td>| <a href=\"#viulu1\">Violin, cello, piano <\/a>| <a href=\"#viulu2\">Violin,cello, harp <\/a> | <a href=\"#huilu\"> Flute, cello, piano <\/a>|<br \/>\n|<a href=\"#saksofoni\"> Saxophone, cello, piano\/harp <\/a> | <a href=\"#klarinetti\">Clarinet, cello, piano <\/a>| <a href=\"#lisaa\">More trios <\/a> |<\/td>\n<\/tr>\n<\/tbody>\n<\/table>\n<\/td>\n<\/tr>\n<tr>\n<td align=\"left\" valign=\"top\" width=\"310\">BARLEAU, Clarent (1945\u2013)<\/td>\n<td align=\"left\" valign=\"top\" width=\"325\"><em>Le Ciseaux de Tom Johnson<\/em> (1998)<\/td>\n<\/tr>\n<tr>\n<td align=\"left\" valign=\"top\" width=\"310\">BEETHOVEN, Ludwig van (1770\u20131827)<\/td>\n<td align=\"left\" valign=\"top\" width=\"325\">Trio in B Flat Major Op. 97 &#8220;The Archduke&#8221;<\/td>\n<\/tr>\n<tr>\n<td align=\"left\" valign=\"top\" width=\"310\">DEBUSSY, Claude (1862\u20131918)<\/td>\n<td align=\"left\" valign=\"top\" width=\"325\">Trio in G Major (1880)<\/td>\n<\/tr>\n<tr>\n<td align=\"left\" valign=\"top\" width=\"310\">GELGOTAS, Gediminas (1986\u2013)<\/td>\n<td align=\"left\" valign=\"top\" width=\"325\"><em>Fortepijoninis Trio <\/em>(2006)<\/td>\n<\/tr>\n<tr>\n<td align=\"left\" valign=\"top\" width=\"310\">HATZIS, Christos (1953\u2013)<\/td>\n<td align=\"left\" valign=\"top\" width=\"325\"><em>Odd World <\/em>from the Music Theatre Work &#8220;Constantinople&#8221; (1999)<em><br \/>\n<\/em><\/td>\n<\/tr>\n<tr>\n<td><\/td>\n<td><em><em>Dance of the Dictators<\/em> <\/em>(2003)<\/td>\n<\/tr>\n<tr>\n<td><\/td>\n<td><em>One Unwithering Kiss <\/em>(2012)<em><br \/>\n<\/em><\/td>\n<\/tr>\n<tr>\n<td><\/td>\n<td><em>Dominance <\/em>(Based on the 1964 song &#8221; A Blonde form Mytilene&#8221; by George Kontogiorgos)(2012)<\/td>\n<\/tr>\n<tr>\n<td align=\"left\" valign=\"top\" width=\"310\">HAYDN, Joseph (1732\u20131809)<\/td>\n<td align=\"left\" valign=\"top\" width=\"325\">Trios<\/td>\n<\/tr>\n<tr>\n<td align=\"left\" valign=\"top\" width=\"310\">KYLL\u00d6NEN, Timo-Juhani (1955\u2013)<\/td>\n<td align=\"left\" valign=\"top\" width=\"325\">Trio Nr. 2 Op. 18 (1988)<\/td>\n<\/tr>\n<tr>\n<td align=\"left\" valign=\"top\" width=\"310\">LINKOLA, Jukka (1955\u2013)<\/td>\n<td align=\"left\" valign=\"top\" width=\"325\"><em>Ballata and Fugata<\/em> (2003)<\/td>\n<\/tr>\n<tr>\n<td align=\"left\" valign=\"top\" width=\"310\">MENDELSSOHN, Felix (1809\u20131847)<\/td>\n<td align=\"left\" valign=\"top\" width=\"325\">Trio Nr. 1 Op. 49<\/td>\n<\/tr>\n<tr>\n<td align=\"left\" valign=\"top\" width=\"310\">MUNAKATA, Rei (1976\u2013)<\/td>\n<td align=\"left\" valign=\"top\" width=\"325\"><em>The Mocking Maze<\/em> (2005)<\/td>\n<\/tr>\n<tr>\n<td align=\"left\" valign=\"top\" width=\"310\">RAVEL, Maurice (1875\u20131937)<\/td>\n<td align=\"left\" valign=\"top\" width=\"325\">Trio<\/td>\n<\/tr>\n<tr>\n<td align=\"left\" valign=\"top\" width=\"310\">R\u00c4IH\u00c4L\u00c4, Osmo-Tapio (1964\u2013)<\/td>\n<td align=\"left\" valign=\"top\" width=\"325\"><em>Saatana muuttaa Espoohon &#8211; Satan Moves to Espoo <\/em>(1997\/2000)<\/td>\n<\/tr>\n<tr>\n<td align=\"left\" valign=\"top\" width=\"310\">SHOSTAKOVICH, Dmitri (1906\u20131975)<\/td>\n<td align=\"left\" valign=\"top\" width=\"325\">Trio Nr. 2 Op. 67<\/td>\n<\/tr>\n<tr>\n<td align=\"left\" valign=\"top\" width=\"310\">SIBELIUS, Jean (1865\u20131957)<\/td>\n<td align=\"left\" valign=\"top\" width=\"325\"><em>Allegro <\/em>(completed by Kalevi Aho)<\/td>\n<\/tr>\n<tr>\n<td><\/td>\n<td><em>March Pompose D&#8217;Asis<br \/>\n<\/em><\/td>\n<\/tr>\n<tr>\n<td><\/td>\n<td><em>Menuetto<\/em><\/td>\n<\/tr>\n<tr>\n<td><\/td>\n<td>Trio Nr. 2 in A Minor &#8220;Havtr\u00e4sk&#8221;<\/td>\n<\/tr>\n<tr>\n<td align=\"left\" valign=\"top\" width=\"310\">TCHAIKOWSKY, Peter (1840\u20131893)<\/td>\n<td align=\"left\" valign=\"top\" width=\"325\">Trio Op. 50<\/td>\n<\/tr>\n<tr>\n<td align=\"left\" valign=\"top\" width=\"310\">TOIVIO, Lauri (1972\u2013)<\/td>\n<td align=\"left\" valign=\"top\" width=\"325\"><em>Golden Age<\/em> (Dmitri Shostakovich Op. 22)<\/td>\n<\/tr>\n<tr>\n<td align=\"left\" valign=\"top\" width=\"310\">TURINA, Joaquin (1882\u20131949)<\/td>\n<td align=\"left\" valign=\"top\" width=\"325\">Trio Op. 35 (1926)<\/td>\n<\/tr>\n<tr>\n<td align=\"left\" valign=\"top\" width=\"310\">\n<h2><a id=\"viulu2\" name=\"viulu2\"><\/a>Violin, Cello, Harp<\/h2>\n<\/td>\n<td align=\"left\" valign=\"top\" width=\"325\"><\/td>\n<\/tr>\n<tr>\n<td align=\"left\" valign=\"top\">FROMMER, Paul<\/td>\n<td align=\"left\" valign=\"top\"><em>Serenade <\/em>Op. 47<\/td>\n<\/tr>\n<tr>\n<td align=\"left\" valign=\"top\" width=\"310\">IBERT, Jacques (1890\u20131962)<\/td>\n<td align=\"left\" valign=\"top\" width=\"325\">Trio<\/td>\n<\/tr>\n<tr>\n<td align=\"left\" valign=\"top\">MERIKANTO, Oskar (1868\u20131924)<\/td>\n<td align=\"left\" valign=\"top\"><em>Valse Lente<\/em><\/td>\n<\/tr>\n<tr>\n<td align=\"left\" valign=\"top\">PILLNEY, Karl-Hermann (1896\u20131980)<\/td>\n<td align=\"left\" valign=\"top\"><em>Menuet<\/em> Op. 14 Nr. 2<\/td>\n<\/tr>\n<tr>\n<td><\/td>\n<td><em>Nocturne<\/em><\/td>\n<\/tr>\n<tr>\n<td align=\"left\" valign=\"top\" width=\"310\">RENIE, Henriette (1875\u20131956)<\/td>\n<td align=\"left\" valign=\"top\" width=\"325\">Trio<\/td>\n<\/tr>\n<tr>\n<td align=\"left\" valign=\"top\">TEDESCHI, Luigi Maurizio (1867\u20131944)<\/td>\n<td align=\"left\" valign=\"top\">Suite for Harp, Violin and Cello Op. 46<\/td>\n<\/tr>\n<tr>\n<td align=\"left\" valign=\"top\">TRNECEK, Hans (1858\u20131914)<\/td>\n<td align=\"left\" valign=\"top\"><em>Nocturne<\/em> Op. 29<\/td>\n<\/tr>\n<tr>\n<td align=\"left\" valign=\"top\" width=\"310\">\n<h2><a id=\"huilu\" name=\"huilu\"><\/a>Flute, Cello, Piano<\/h2>\n<\/td>\n<td align=\"left\" valign=\"top\" width=\"325\"><\/td>\n<\/tr>\n<tr>\n<td align=\"left\" valign=\"top\" width=\"310\">HAYDN, Joseph (1732\u20131809)<\/td>\n<td align=\"left\" valign=\"top\" width=\"325\">Trios<\/td>\n<\/tr>\n<tr>\n<td align=\"left\" valign=\"top\" width=\"310\">JEPPESEN, Knud (1892\u20131974)<\/td>\n<td align=\"left\" valign=\"top\" width=\"325\"><em>Lille Sommer-Trio<\/em><\/td>\n<\/tr>\n<tr>\n<td align=\"left\" valign=\"top\" width=\"310\">KYLL\u00d6NEN, Timo-Juhani (1955\u2013)<\/td>\n<td align=\"left\" valign=\"top\" width=\"325\">Trio Nr. 2 Op. 18 (1988)<\/td>\n<\/tr>\n<tr>\n<td align=\"left\" valign=\"top\" width=\"310\">POHJANNORO, Hannu (1963\u2013)<\/td>\n<td align=\"left\" valign=\"top\" width=\"325\"><em>Frozen the light, far away the wind <\/em>for flute, cello, and piano (1994\u20131995)<\/td>\n<\/tr>\n<tr>\n<td align=\"left\" valign=\"top\" width=\"310\">\n<h2>Saxophone, Cello, Harp\/Piano<\/h2>\n<\/td>\n<td align=\"left\" valign=\"top\" width=\"325\"><\/td>\n<\/tr>\n<tr>\n<td align=\"left\" valign=\"top\" width=\"310\">KRITZ, Robert (1925\u2013)<\/td>\n<td align=\"left\" valign=\"top\" width=\"325\"><em>Connections<\/em> (2002) for saxophone, cello, and piano<\/td>\n<\/tr>\n<tr>\n<td align=\"left\" valign=\"top\" width=\"310\">LENNON, John Anthony<\/td>\n<td align=\"left\" valign=\"top\" width=\"325\"><em>Serpent<\/em><\/td>\n<\/tr>\n<tr>\n<td align=\"left\" valign=\"top\" width=\"310\">LINTINEN, Kirmo (1976\u2013)<\/td>\n<td align=\"left\" valign=\"top\">Trio<\/td>\n<\/tr>\n<tr>\n<td align=\"left\" valign=\"top\" width=\"310\">MIETTINEN, Juho (1978\u2013)<\/td>\n<td align=\"left\" valign=\"top\"><em>Pieni harppaus ihmiskunnalle &#8211; Small Step for Mankind <\/em> (2004)<\/td>\n<\/tr>\n<tr>\n<td align=\"left\" valign=\"top\" width=\"310\">PIAZZOLLA, Astor (1921\u20131992)<\/td>\n<td align=\"left\" valign=\"top\"><em>Milonga del Angel<\/em> (sov. Pablo Zinger)<\/td>\n<\/tr>\n<tr>\n<td align=\"left\" valign=\"top\" width=\"310\">\n<h2><a id=\"klarinetti\" name=\"klarinetti\"><\/a>Clarinet, Cello, Piano<\/h2>\n<\/td>\n<td align=\"left\" valign=\"top\" width=\"325\"><\/td>\n<\/tr>\n<tr>\n<td align=\"left\" valign=\"top\" width=\"310\">BRAHMS, Johannes (1833\u20131897)<\/td>\n<td align=\"left\" valign=\"top\" width=\"325\">Trio Op. 114<\/td>\n<\/tr>\n<tr>\n<td align=\"left\" valign=\"top\">WU, Li-Ying (1978\u2013)<\/td>\n<td align=\"left\" valign=\"top\"><em>Chiu <\/em>for clarinet, cello, and piano (2004)<\/td>\n<\/tr>\n<tr>\n<td align=\"left\" valign=\"top\" width=\"310\">\n<h2><a id=\"lisaa\" name=\"lisaa\"><\/a>More Trios<\/h2>\n<\/td>\n<td align=\"left\" valign=\"top\"><\/td>\n<\/tr>\n<tr>\n<td align=\"left\" valign=\"top\" width=\"310\">BEETHOVEN, Ludwig van (1770\u20131827)<\/td>\n<td align=\"left\" valign=\"top\">Trio for violin, viola, and cello in E Flat Major Op. 3<\/td>\n<\/tr>\n<tr>\n<td align=\"left\" valign=\"top\" width=\"310\">FR\u00dcHAUF, Herbert<\/td>\n<td align=\"left\" valign=\"top\"><em>Aus Zwei Mach Drei<\/em> for violin, horn, and cello (W. A. Mozart)<\/td>\n<\/tr>\n<tr>\n<td align=\"left\" valign=\"top\">LINQUIST, Jen (1974\u2013)<\/td>\n<td align=\"left\" valign=\"top\"><em>Babylon war<\/em> for electronics, clarinet, and cello<\/td>\n<\/tr>\n<tr>\n<td align=\"left\" valign=\"top\" width=\"310\">LYYTIK\u00c4INEN, Pasi (1975\u2013)<\/td>\n<td align=\"left\" valign=\"top\"><em>H\u00e4m\u00e4r\u00e4t Himmelit<\/em> for soprano, cello, and harp (2007)<\/td>\n<\/tr>\n<tr>\n<td align=\"left\" valign=\"top\" width=\"310\">MOZART, Wolfgang Amadeus (1756\u20131791)<\/td>\n<td align=\"left\" valign=\"top\"><em>Divertimento <\/em>for violin, viola, and cello in E Flat Major KV563<\/td>\n<\/tr>\n<tr>\n<td align=\"left\" valign=\"top\" width=\"310\">RAUTAVAARA, Einojuhani (1928\u2013)<\/td>\n<td align=\"left\" valign=\"top\"><em>Polska<\/em> &#8211; Variations on a Folk Tune from Rantasalmi for two cellos and piano (1977)<\/td>\n<\/tr>\n<tr>\n<td align=\"left\" valign=\"top\" width=\"310\">ROMBERG, Bernhard Heinrich (1767\u20131841)<\/td>\n<td align=\"left\" valign=\"top\">Trio in E Minor Op. 38 for cello, viola, and double bass<\/td>\n<\/tr>\n<tr>\n<td align=\"left\" valign=\"top\" width=\"310\">SERVAIS, A. Fran\u00e7ois (1807\u20131866)<\/td>\n<td align=\"left\" valign=\"top\"><em>Duo sur une M\u00e9lodie de Dalayrac<\/em> for two cellos and piano Op. Posth. Nr. 2<\/td>\n<\/tr>\n<tr>\n<td align=\"left\" valign=\"top\" width=\"310\">TALVITIE, Riikka (1970\u2013)<\/td>\n<td align=\"left\" valign=\"top\"><em>Bit by Bit<\/em> for clarinet, cello, and accordion (2004)<\/td>\n<\/tr>\n<tr>\n<td align=\"left\" valign=\"top\">TOIVIO, Lauri (1972\u2013)<\/td>\n<td align=\"left\" valign=\"top\"><em>Fanfare<\/em> for flute, saxophone, and cello (2008)<\/td>\n<\/tr>\n<\/tbody>\n<\/table>\n","protected":false},"excerpt":{"rendered":"<p>Violin, Cello, Piano | Violin, cello, piano | Violin,cello, harp | Flute, cello, piano | | Saxophone, cello, piano\/harp | Clarinet, cello, piano | More trios | BARLEAU, Clarent (1945\u2013) Le Ciseaux de Tom Johnson (1998) BEETHOVEN, Ludwig van (1770\u20131827) Trio in B Flat Major Op. 97 &#8220;The Archduke&#8221; DEBUSSY, Claude (1862\u20131918) Trio in G [&hellip;]<\/p>\n","protected":false},"author":1,"featured_media":0,"parent":3281,"menu_order":8,"comment_status":"closed","ping_status":"closed","template":"","meta":{"_et_pb_use_builder":"","_et_pb_old_content":"","_et_gb_content_width":"","ngg_post_thumbnail":0,"footnotes":""},"class_list":["post-3277","page","type-page","status-publish","hentry"],"yoast_head":"<!-- This site is optimized with the Yoast SEO plugin v27.2 - https:\/\/yoast.com\/product\/yoast-seo-wordpress\/ -->\n<title>Trio - Seeli Toivio<\/title>\n<meta name=\"robots\" content=\"index, follow, max-snippet:-1, max-image-preview:large, max-video-preview:-1\" \/>\n<link rel=\"canonical\" href=\"https:\/\/www.seelitoivio.com\/en\/repertoire\/classical-cello\/trio\/\" \/>\n<meta property=\"og:locale\" content=\"en_US\" \/>\n<meta property=\"og:type\" content=\"article\" \/>\n<meta property=\"og:title\" content=\"Trio - Seeli Toivio\" \/>\n<meta property=\"og:description\" content=\"Violin, Cello, Piano | Violin, cello, piano | Violin,cello, harp | Flute, cello, piano | | Saxophone, cello, piano\/harp | Clarinet, cello, piano | More trios | BARLEAU, Clarent (1945\u2013) Le Ciseaux de Tom Johnson (1998) BEETHOVEN, Ludwig van (1770\u20131827) Trio in B Flat Major Op. 97 &#8220;The Archduke&#8221; DEBUSSY, Claude (1862\u20131918) Trio in G [&hellip;]\" \/>\n<meta property=\"og:url\" content=\"https:\/\/www.seelitoivio.com\/en\/repertoire\/classical-cello\/trio\/\" \/>\n<meta property=\"og:site_name\" content=\"Seeli Toivio\" \/>\n<meta property=\"article:modified_time\" content=\"2016-03-06T12:38:29+00:00\" \/>\n<meta name=\"twitter:card\" content=\"summary_large_image\" \/>\n<meta name=\"twitter:label1\" content=\"Est. reading time\" \/>\n\t<meta name=\"twitter:data1\" content=\"2 minutes\" \/>\n<script type=\"application\/ld+json\" class=\"yoast-schema-graph\">{\"@context\":\"https:\/\/schema.org\",\"@graph\":[{\"@type\":\"WebPage\",\"@id\":\"https:\/\/www.seelitoivio.com\/en\/repertoire\/classical-cello\/trio\/\",\"url\":\"https:\/\/www.seelitoivio.com\/en\/repertoire\/classical-cello\/trio\/\",\"name\":\"Trio - Seeli Toivio\",\"isPartOf\":{\"@id\":\"https:\/\/www.seelitoivio.com\/#website\"},\"datePublished\":\"2012-05-15T10:43:04+00:00\",\"dateModified\":\"2016-03-06T12:38:29+00:00\",\"breadcrumb\":{\"@id\":\"https:\/\/www.seelitoivio.com\/en\/repertoire\/classical-cello\/trio\/#breadcrumb\"},\"inLanguage\":\"en-US\",\"potentialAction\":[{\"@type\":\"ReadAction\",\"target\":[\"https:\/\/www.seelitoivio.com\/en\/repertoire\/classical-cello\/trio\/\"]}]},{\"@type\":\"BreadcrumbList\",\"@id\":\"https:\/\/www.seelitoivio.com\/en\/repertoire\/classical-cello\/trio\/#breadcrumb\",\"itemListElement\":[{\"@type\":\"ListItem\",\"position\":1,\"name\":\"Etusivu\",\"item\":\"https:\/\/www.seelitoivio.com\/\"},{\"@type\":\"ListItem\",\"position\":2,\"name\":\"Repertoire\",\"item\":\"https:\/\/www.seelitoivio.com\/en\/repertoire\/\"},{\"@type\":\"ListItem\",\"position\":3,\"name\":\"Classical Cello\",\"item\":\"https:\/\/www.seelitoivio.com\/en\/repertoire\/classical-cello\/\"},{\"@type\":\"ListItem\",\"position\":4,\"name\":\"Trio\"}]},{\"@type\":\"WebSite\",\"@id\":\"https:\/\/www.seelitoivio.com\/#website\",\"url\":\"https:\/\/www.seelitoivio.com\/\",\"name\":\"Seeli Toivio\",\"description\":\"laulaja-lauluntekij&auml;, sellisti ja s&auml;hk&ouml;sellisti\",\"potentialAction\":[{\"@type\":\"SearchAction\",\"target\":{\"@type\":\"EntryPoint\",\"urlTemplate\":\"https:\/\/www.seelitoivio.com\/?s={search_term_string}\"},\"query-input\":{\"@type\":\"PropertyValueSpecification\",\"valueRequired\":true,\"valueName\":\"search_term_string\"}}],\"inLanguage\":\"en-US\"}]}<\/script>\n<!-- \/ Yoast SEO plugin. -->","yoast_head_json":{"title":"Trio - Seeli Toivio","robots":{"index":"index","follow":"follow","max-snippet":"max-snippet:-1","max-image-preview":"max-image-preview:large","max-video-preview":"max-video-preview:-1"},"canonical":"https:\/\/www.seelitoivio.com\/en\/repertoire\/classical-cello\/trio\/","og_locale":"en_US","og_type":"article","og_title":"Trio - Seeli Toivio","og_description":"Violin, Cello, Piano | Violin, cello, piano | Violin,cello, harp | Flute, cello, piano | | Saxophone, cello, piano\/harp | Clarinet, cello, piano | More trios | BARLEAU, Clarent (1945\u2013) Le Ciseaux de Tom Johnson (1998) BEETHOVEN, Ludwig van (1770\u20131827) Trio in B Flat Major Op. 97 &#8220;The Archduke&#8221; DEBUSSY, Claude (1862\u20131918) Trio in G [&hellip;]","og_url":"https:\/\/www.seelitoivio.com\/en\/repertoire\/classical-cello\/trio\/","og_site_name":"Seeli Toivio","article_modified_time":"2016-03-06T12:38:29+00:00","twitter_card":"summary_large_image","twitter_misc":{"Est. reading time":"2 minutes"},"schema":{"@context":"https:\/\/schema.org","@graph":[{"@type":"WebPage","@id":"https:\/\/www.seelitoivio.com\/en\/repertoire\/classical-cello\/trio\/","url":"https:\/\/www.seelitoivio.com\/en\/repertoire\/classical-cello\/trio\/","name":"Trio - Seeli Toivio","isPartOf":{"@id":"https:\/\/www.seelitoivio.com\/#website"},"datePublished":"2012-05-15T10:43:04+00:00","dateModified":"2016-03-06T12:38:29+00:00","breadcrumb":{"@id":"https:\/\/www.seelitoivio.com\/en\/repertoire\/classical-cello\/trio\/#breadcrumb"},"inLanguage":"en-US","potentialAction":[{"@type":"ReadAction","target":["https:\/\/www.seelitoivio.com\/en\/repertoire\/classical-cello\/trio\/"]}]},{"@type":"BreadcrumbList","@id":"https:\/\/www.seelitoivio.com\/en\/repertoire\/classical-cello\/trio\/#breadcrumb","itemListElement":[{"@type":"ListItem","position":1,"name":"Etusivu","item":"https:\/\/www.seelitoivio.com\/"},{"@type":"ListItem","position":2,"name":"Repertoire","item":"https:\/\/www.seelitoivio.com\/en\/repertoire\/"},{"@type":"ListItem","position":3,"name":"Classical Cello","item":"https:\/\/www.seelitoivio.com\/en\/repertoire\/classical-cello\/"},{"@type":"ListItem","position":4,"name":"Trio"}]},{"@type":"WebSite","@id":"https:\/\/www.seelitoivio.com\/#website","url":"https:\/\/www.seelitoivio.com\/","name":"Seeli Toivio","description":"laulaja-lauluntekij&auml;, sellisti ja s&auml;hk&ouml;sellisti","potentialAction":[{"@type":"SearchAction","target":{"@type":"EntryPoint","urlTemplate":"https:\/\/www.seelitoivio.com\/?s={search_term_string}"},"query-input":{"@type":"PropertyValueSpecification","valueRequired":true,"valueName":"search_term_string"}}],"inLanguage":"en-US"}]}},"_links":{"self":[{"href":"https:\/\/www.seelitoivio.com\/en\/wp-json\/wp\/v2\/pages\/3277","targetHints":{"allow":["GET"]}}],"collection":[{"href":"https:\/\/www.seelitoivio.com\/en\/wp-json\/wp\/v2\/pages"}],"about":[{"href":"https:\/\/www.seelitoivio.com\/en\/wp-json\/wp\/v2\/types\/page"}],"author":[{"embeddable":true,"href":"https:\/\/www.seelitoivio.com\/en\/wp-json\/wp\/v2\/users\/1"}],"replies":[{"embeddable":true,"href":"https:\/\/www.seelitoivio.com\/en\/wp-json\/wp\/v2\/comments?post=3277"}],"version-history":[{"count":1,"href":"https:\/\/www.seelitoivio.com\/en\/wp-json\/wp\/v2\/pages\/3277\/revisions"}],"predecessor-version":[{"id":3360,"href":"https:\/\/www.seelitoivio.com\/en\/wp-json\/wp\/v2\/pages\/3277\/revisions\/3360"}],"up":[{"embeddable":true,"href":"https:\/\/www.seelitoivio.com\/en\/wp-json\/wp\/v2\/pages\/3281"}],"wp:attachment":[{"href":"https:\/\/www.seelitoivio.com\/en\/wp-json\/wp\/v2\/media?parent=3277"}],"curies":[{"name":"wp","href":"https:\/\/api.w.org\/{rel}","templated":true}]}}