{"id":5104,"date":"2019-08-09T15:21:39","date_gmt":"2019-08-09T12:21:39","guid":{"rendered":"https:\/\/www.seelitoivio.com\/product\/kesayo\/"},"modified":"2025-04-13T21:44:38","modified_gmt":"2025-04-13T18:44:38","slug":"kesayo","status":"publish","type":"product","link":"https:\/\/www.seelitoivio.com\/en\/product\/kesayo\/","title":{"rendered":"Kes\u00e4y\u00f6"},"content":{"rendered":"<p><strong>Seeli Toivio, mezzosopraano<\/strong><\/p>\n<p>1. Toivo Kuula (1883\u20131918): Aamulaulu op. 2\/3 (Eino Leino)<br \/>\n2. Oskar Merikanto (1868\u20131924): Soi vienosti murheeni soitto op. 36\/3 (Heikki Ansa)&nbsp;<br \/>\n3. Oskar Merikanto: Oi muistatko viel\u00e4 sen virren (Eino Leino)<br \/>\n4. Oskar Merikanto: Kullan murunen op. 20\/1 (J. H. Erkko)<br \/>\n5. Toivo Kuula: Tuijotin tulehen kauan op. 2 nro. 2 (Eino Leino)&nbsp;<br \/>\n6. Toivo Kuula: Marjatan laulu op. 8 nro. 2 (Eino Leino)<br \/>\n7. Toivo Kuula: Imandran laulu op. 30c nro. 6 (Larin-Ky\u00f6sti, n\u00e4ytelm\u00e4st\u00e4 \u201dTaikapeili\u201d)&nbsp;<br \/>\n8. Toivo Kuula: Sinikan laulu op. 16 a\/1 (Eino Leino)&nbsp;<br \/>\n9. Oskar Lindberg (1887\u20131955): Vanha virsi Taalainmaalta trad.&nbsp;<br \/>\n10. Franz Schubert (1797\u20131828): Ave Maria op. 52 nro. 96 (sov.\/arr. C. G. Fazzi)&nbsp;<br \/>\n11. Carl Jonas Love Almqvist (1793\u20131866): Den lyssnande Maria&nbsp;<br \/>\n12. Aarre Merikanto (1893\u20131958): Vanha kehtolaulu (sov. laululle &amp; jousikvartetille\/arr. for voice &amp; string quartet by Lauri Toivio 2019) (Hellaakoski)&nbsp;<br \/>\n13. Toivo Kuula: Vanha syyslaulu op. 24 nro. 3 (V. A. Koskenniemi)&nbsp;<br \/>\n14. Toivo Kuula: Ave Maria op. 23 nro. 2&nbsp;<br \/>\n15. C\u00e9sar Franck (1822\u20131890): Panis Angelicus (sov.\/arr. G. Sandr\u00e9)&nbsp;<br \/>\n16. Johann Sebastian Bach (1685\u20131750) \u2013 Charles Gounod (1818\u20131893): Ave Maria (J. S. Bach: Preludi C-duuri\/Prelude in C Major BWV 846)<br \/>\n17. Oskar Merikanto: Pai, pai paitaressu op. 2 nro. 1 (Mustakallio)&nbsp;<br \/>\n18. Aarre Merikanto: Kes\u00e4y\u00f6 op. 71 nro. 1 (Hellaakoski)&nbsp;<br \/>\n19. Toivo Kuula: Kes\u00e4y\u00f6 kirkkomaalla op. 6\/1 (V. A. Koskenniemi)&nbsp;<br \/>\n20. Toivo Kuula: Tule armaani op. 29a nro. 1 (V. A. Koskenniemi)<br \/>\n21. Oskar Merikanto: Ma el\u00e4n! op. 71 nro. 1 (Larin-Ky\u00f6sti)&nbsp;<\/p>\n<p><em>11: Seeli Toivio, sello &amp; laulu\/cello &amp; vocal<\/em><br \/>\n<em>12: Seeli Toivio (sello &amp; laulu\/cello &amp; vocal), Linda Hedlund &amp; Elisa J\u00e4rvel\u00e4 (viulu\/violin), Jussi Aalto (alttoviulu\/viola)<\/em><br \/>\n<em>3, 9, 10, 14\u201316: Pauliina Hyry, urut\/organ<\/em><br \/>\n<em>1, 2, 4, 5\u20138, 13, 17\u201321: Collin Hansen, piano<\/em><br \/>\n<em>16: Linda Hedlund, viulu\/violin<\/em><\/p>\n","protected":false},"excerpt":{"rendered":"<p>Since childhood Seeli nurtures a special love for singing which today fi nds an expression through her powerful and noble mezzosoprano voice. On this debut album as a vocalist she sings to her own cello obligato in the songs Kes\u00e4y\u00f6 (arr. by Lauri Toivio for string quartet and voice) and Den lyssnande Maria.<\/p>\n","protected":false},"featured_media":5103,"comment_status":"open","ping_status":"closed","template":"","meta":{"_et_pb_use_builder":"","_et_pb_old_content":"","_et_gb_content_width":"","ngg_post_thumbnail":0},"product_brand":[],"product_cat":[91,84],"product_tag":[],"class_list":{"0":"post-5104","1":"product","2":"type-product","3":"status-publish","4":"has-post-thumbnail","6":"product_cat-yleinen-en","7":"product_cat-yleinen-fi-en","8":"product_shipping_class-pehmokuori-posti-en","10":"first","11":"instock","12":"shipping-taxable","13":"purchasable","14":"product-type-simple"},"yoast_head":"<!-- This site is optimized with the Yoast SEO plugin v27.2 - https:\/\/yoast.com\/product\/yoast-seo-wordpress\/ -->\n<title>Kes\u00e4y\u00f6 - Seeli Toivio<\/title>\n<meta name=\"robots\" content=\"index, follow, max-snippet:-1, max-image-preview:large, max-video-preview:-1\" \/>\n<link rel=\"canonical\" href=\"https:\/\/www.seelitoivio.com\/en\/product\/kesayo\/\" \/>\n<meta property=\"og:locale\" content=\"en_US\" \/>\n<meta property=\"og:type\" content=\"article\" \/>\n<meta property=\"og:title\" content=\"Kes\u00e4y\u00f6 - Seeli Toivio\" \/>\n<meta property=\"og:description\" content=\"Since childhood Seeli nurtures a special love for singing which today fi nds an expression through her powerful and noble mezzosoprano voice. On this debut album as a vocalist she sings to her own cello obligato in the songs Kes\u00e4y\u00f6 (arr. by Lauri Toivio for string quartet and voice) and Den lyssnande Maria.\" \/>\n<meta property=\"og:url\" content=\"https:\/\/www.seelitoivio.com\/en\/product\/kesayo\/\" \/>\n<meta property=\"og:site_name\" content=\"Seeli Toivio\" \/>\n<meta property=\"article:modified_time\" content=\"2025-04-13T18:44:38+00:00\" \/>\n<meta property=\"og:image\" content=\"https:\/\/www.seelitoivio.com\/wp\/wp-content\/uploads\/2019\/08\/kesayo_kansi_nettiin.jpg\" \/>\n\t<meta property=\"og:image:width\" content=\"600\" \/>\n\t<meta property=\"og:image:height\" content=\"546\" \/>\n\t<meta property=\"og:image:type\" content=\"image\/jpeg\" \/>\n<meta name=\"twitter:card\" content=\"summary_large_image\" \/>\n<meta name=\"twitter:label1\" content=\"Est. reading time\" \/>\n\t<meta name=\"twitter:data1\" content=\"1 minute\" \/>\n<script type=\"application\/ld+json\" class=\"yoast-schema-graph\">{\"@context\":\"https:\/\/schema.org\",\"@graph\":[{\"@type\":\"WebPage\",\"@id\":\"https:\/\/www.seelitoivio.com\/en\/product\/kesayo\/\",\"url\":\"https:\/\/www.seelitoivio.com\/en\/product\/kesayo\/\",\"name\":\"Kes\u00e4y\u00f6 - Seeli Toivio\",\"isPartOf\":{\"@id\":\"https:\/\/www.seelitoivio.com\/#website\"},\"primaryImageOfPage\":{\"@id\":\"https:\/\/www.seelitoivio.com\/en\/product\/kesayo\/#primaryimage\"},\"image\":{\"@id\":\"https:\/\/www.seelitoivio.com\/en\/product\/kesayo\/#primaryimage\"},\"thumbnailUrl\":\"https:\/\/www.seelitoivio.com\/wp\/wp-content\/uploads\/2019\/08\/kesayo_kansi_nettiin.jpg\",\"datePublished\":\"2019-08-09T12:21:39+00:00\",\"dateModified\":\"2025-04-13T18:44:38+00:00\",\"breadcrumb\":{\"@id\":\"https:\/\/www.seelitoivio.com\/en\/product\/kesayo\/#breadcrumb\"},\"inLanguage\":\"en-US\",\"potentialAction\":[{\"@type\":\"ReadAction\",\"target\":[\"https:\/\/www.seelitoivio.com\/en\/product\/kesayo\/\"]}]},{\"@type\":\"ImageObject\",\"inLanguage\":\"en-US\",\"@id\":\"https:\/\/www.seelitoivio.com\/en\/product\/kesayo\/#primaryimage\",\"url\":\"https:\/\/www.seelitoivio.com\/wp\/wp-content\/uploads\/2019\/08\/kesayo_kansi_nettiin.jpg\",\"contentUrl\":\"https:\/\/www.seelitoivio.com\/wp\/wp-content\/uploads\/2019\/08\/kesayo_kansi_nettiin.jpg\",\"width\":600,\"height\":546},{\"@type\":\"BreadcrumbList\",\"@id\":\"https:\/\/www.seelitoivio.com\/en\/product\/kesayo\/#breadcrumb\",\"itemListElement\":[{\"@type\":\"ListItem\",\"position\":1,\"name\":\"Etusivu\",\"item\":\"https:\/\/www.seelitoivio.com\/\"},{\"@type\":\"ListItem\",\"position\":2,\"name\":\"Shop\",\"item\":\"https:\/\/www.seelitoivio.com\/en\/shop\/\"},{\"@type\":\"ListItem\",\"position\":3,\"name\":\"Kes\u00e4y\u00f6\"}]},{\"@type\":\"WebSite\",\"@id\":\"https:\/\/www.seelitoivio.com\/#website\",\"url\":\"https:\/\/www.seelitoivio.com\/\",\"name\":\"Seeli Toivio\",\"description\":\"laulaja-lauluntekij&auml;, sellisti ja s&auml;hk&ouml;sellisti\",\"potentialAction\":[{\"@type\":\"SearchAction\",\"target\":{\"@type\":\"EntryPoint\",\"urlTemplate\":\"https:\/\/www.seelitoivio.com\/?s={search_term_string}\"},\"query-input\":{\"@type\":\"PropertyValueSpecification\",\"valueRequired\":true,\"valueName\":\"search_term_string\"}}],\"inLanguage\":\"en-US\"}]}<\/script>\n<!-- \/ Yoast SEO plugin. -->","yoast_head_json":{"title":"Kes\u00e4y\u00f6 - Seeli Toivio","robots":{"index":"index","follow":"follow","max-snippet":"max-snippet:-1","max-image-preview":"max-image-preview:large","max-video-preview":"max-video-preview:-1"},"canonical":"https:\/\/www.seelitoivio.com\/en\/product\/kesayo\/","og_locale":"en_US","og_type":"article","og_title":"Kes\u00e4y\u00f6 - Seeli Toivio","og_description":"Since childhood Seeli nurtures a special love for singing which today fi nds an expression through her powerful and noble mezzosoprano voice. On this debut album as a vocalist she sings to her own cello obligato in the songs Kes\u00e4y\u00f6 (arr. by Lauri Toivio for string quartet and voice) and Den lyssnande Maria.","og_url":"https:\/\/www.seelitoivio.com\/en\/product\/kesayo\/","og_site_name":"Seeli Toivio","article_modified_time":"2025-04-13T18:44:38+00:00","og_image":[{"width":600,"height":546,"url":"https:\/\/www.seelitoivio.com\/wp\/wp-content\/uploads\/2019\/08\/kesayo_kansi_nettiin.jpg","type":"image\/jpeg"}],"twitter_card":"summary_large_image","twitter_misc":{"Est. reading time":"1 minute"},"schema":{"@context":"https:\/\/schema.org","@graph":[{"@type":"WebPage","@id":"https:\/\/www.seelitoivio.com\/en\/product\/kesayo\/","url":"https:\/\/www.seelitoivio.com\/en\/product\/kesayo\/","name":"Kes\u00e4y\u00f6 - Seeli Toivio","isPartOf":{"@id":"https:\/\/www.seelitoivio.com\/#website"},"primaryImageOfPage":{"@id":"https:\/\/www.seelitoivio.com\/en\/product\/kesayo\/#primaryimage"},"image":{"@id":"https:\/\/www.seelitoivio.com\/en\/product\/kesayo\/#primaryimage"},"thumbnailUrl":"https:\/\/www.seelitoivio.com\/wp\/wp-content\/uploads\/2019\/08\/kesayo_kansi_nettiin.jpg","datePublished":"2019-08-09T12:21:39+00:00","dateModified":"2025-04-13T18:44:38+00:00","breadcrumb":{"@id":"https:\/\/www.seelitoivio.com\/en\/product\/kesayo\/#breadcrumb"},"inLanguage":"en-US","potentialAction":[{"@type":"ReadAction","target":["https:\/\/www.seelitoivio.com\/en\/product\/kesayo\/"]}]},{"@type":"ImageObject","inLanguage":"en-US","@id":"https:\/\/www.seelitoivio.com\/en\/product\/kesayo\/#primaryimage","url":"https:\/\/www.seelitoivio.com\/wp\/wp-content\/uploads\/2019\/08\/kesayo_kansi_nettiin.jpg","contentUrl":"https:\/\/www.seelitoivio.com\/wp\/wp-content\/uploads\/2019\/08\/kesayo_kansi_nettiin.jpg","width":600,"height":546},{"@type":"BreadcrumbList","@id":"https:\/\/www.seelitoivio.com\/en\/product\/kesayo\/#breadcrumb","itemListElement":[{"@type":"ListItem","position":1,"name":"Etusivu","item":"https:\/\/www.seelitoivio.com\/"},{"@type":"ListItem","position":2,"name":"Shop","item":"https:\/\/www.seelitoivio.com\/en\/shop\/"},{"@type":"ListItem","position":3,"name":"Kes\u00e4y\u00f6"}]},{"@type":"WebSite","@id":"https:\/\/www.seelitoivio.com\/#website","url":"https:\/\/www.seelitoivio.com\/","name":"Seeli Toivio","description":"laulaja-lauluntekij&auml;, sellisti ja s&auml;hk&ouml;sellisti","potentialAction":[{"@type":"SearchAction","target":{"@type":"EntryPoint","urlTemplate":"https:\/\/www.seelitoivio.com\/?s={search_term_string}"},"query-input":{"@type":"PropertyValueSpecification","valueRequired":true,"valueName":"search_term_string"}}],"inLanguage":"en-US"}]}},"_links":{"self":[{"href":"https:\/\/www.seelitoivio.com\/en\/wp-json\/wp\/v2\/product\/5104","targetHints":{"allow":["GET"]}}],"collection":[{"href":"https:\/\/www.seelitoivio.com\/en\/wp-json\/wp\/v2\/product"}],"about":[{"href":"https:\/\/www.seelitoivio.com\/en\/wp-json\/wp\/v2\/types\/product"}],"replies":[{"embeddable":true,"href":"https:\/\/www.seelitoivio.com\/en\/wp-json\/wp\/v2\/comments?post=5104"}],"wp:featuredmedia":[{"embeddable":true,"href":"https:\/\/www.seelitoivio.com\/en\/wp-json\/wp\/v2\/media\/5103"}],"wp:attachment":[{"href":"https:\/\/www.seelitoivio.com\/en\/wp-json\/wp\/v2\/media?parent=5104"}],"wp:term":[{"taxonomy":"product_brand","embeddable":true,"href":"https:\/\/www.seelitoivio.com\/en\/wp-json\/wp\/v2\/product_brand?post=5104"},{"taxonomy":"product_cat","embeddable":true,"href":"https:\/\/www.seelitoivio.com\/en\/wp-json\/wp\/v2\/product_cat?post=5104"},{"taxonomy":"product_tag","embeddable":true,"href":"https:\/\/www.seelitoivio.com\/en\/wp-json\/wp\/v2\/product_tag?post=5104"}],"curies":[{"name":"wp","href":"https:\/\/api.w.org\/{rel}","templated":true}]}}