{"id":6522,"date":"2024-08-28T10:17:13","date_gmt":"2024-08-28T07:17:13","guid":{"rendered":"https:\/\/www.seelitoivio.com\/?post_type=product&#038;p=6522"},"modified":"2024-08-28T10:28:04","modified_gmt":"2024-08-28T07:28:04","slug":"joulun-taikaa-christmas-carols-kopio","status":"publish","type":"product","link":"https:\/\/www.seelitoivio.com\/en\/product\/joulun-taikaa-christmas-carols-kopio\/","title":{"rendered":"\u00d6inen n\u00e4ky"},"content":{"rendered":"<p>Seeli Toivio, sello<br \/>\nKapellimestari Jackie Shin<br \/>\nKamariorkesteri La Tempesta<\/p>\n<p>DISC 1.<br \/>\n1. V\u00e4in\u00f6 Haapalainen senior: Humoreski (1930) 05:15<br \/>\n2. V\u00e4in\u00f6 Haapalainen senior: \u00d6inen n\u00e4ky (1930) 09:52<br \/>\n3. V\u00e4in\u00f6 Rantanen: Elegia 06:04<br \/>\n4.\u20136. Yrj\u00f6 Gunaropulos \u2013 Olli-Pekka Tuomisalo: Sellokonsertto (1938 \/ 2020)<br \/>\n4. Moderato 11:00<br \/>\n5. Allegretto \u2013 Andante \u2013 Allegretto 03:55<br \/>\n6. Allegro con fuoco 04:49<br \/>\nTotal 1: 41:13<\/p>\n<p>DISC 2.<br \/>\n1. Lauri Saikkola: Concerto di miniatura (1953) 21:06<br \/>\n2.\u20135. Tommi K\u00e4rkk\u00e4inen: Sellokonsertto (2001)<br \/>\n2. First movement 07:51<br \/>\n3. Second movement 02:37<br \/>\n4. Third movement 07:12<br \/>\n5. Fourth movement 10:44<br \/>\nTotal 49:40<\/p>\n","protected":false},"excerpt":{"rendered":"<p>Seeli Toivio, sello<br \/>\nKapellimestari Jackie Shin ja kamariorkesteri La Tempesta<\/p>\n","protected":false},"featured_media":6524,"comment_status":"open","ping_status":"closed","template":"","meta":{"_et_pb_use_builder":"","_et_pb_old_content":"","_et_gb_content_width":"","ngg_post_thumbnail":0},"product_brand":[],"product_cat":[91,84],"product_tag":[],"class_list":{"0":"post-6522","1":"product","2":"type-product","3":"status-publish","4":"has-post-thumbnail","6":"product_cat-yleinen-en","7":"product_cat-yleinen-fi-en","8":"product_shipping_class-pehmokuori-posti-en","10":"first","11":"instock","12":"featured","13":"shipping-taxable","14":"purchasable","15":"product-type-simple"},"yoast_head":"<!-- This site is optimized with the Yoast SEO plugin v27.2 - https:\/\/yoast.com\/product\/yoast-seo-wordpress\/ -->\n<title>\u00d6inen n\u00e4ky - Seeli Toivio<\/title>\n<meta name=\"description\" content=\"Seeli Toivion lapsuudesta mukana el\u00e4nyt laulu\u00e4\u00e4ni on viime vuosien my\u00f6t\u00e4 puhjennut ilmaisuun huomattavan vahvana ja jalona mezzosopraanona.T\u00e4ll\u00e4 laululevyll\u00e4\u00e4n esiintyy h\u00e4n my\u00f6s sellistin\u00e4, soittaen obligatoa itselleen laulussa Varpunen jouluaamuna.\" \/>\n<meta name=\"robots\" content=\"index, follow, max-snippet:-1, max-image-preview:large, max-video-preview:-1\" \/>\n<link rel=\"canonical\" href=\"https:\/\/www.seelitoivio.com\/tuote\/oinen-naky\/\" \/>\n<meta property=\"og:locale\" content=\"en_US\" \/>\n<meta property=\"og:type\" content=\"article\" \/>\n<meta property=\"og:title\" content=\"\u00d6inen n\u00e4ky - Seeli Toivio\" \/>\n<meta property=\"og:description\" content=\"Seeli Toivion lapsuudesta mukana el\u00e4nyt laulu\u00e4\u00e4ni on viime vuosien my\u00f6t\u00e4 puhjennut ilmaisuun huomattavan vahvana ja jalona mezzosopraanona.T\u00e4ll\u00e4 laululevyll\u00e4\u00e4n esiintyy h\u00e4n my\u00f6s sellistin\u00e4, soittaen obligatoa itselleen laulussa Varpunen jouluaamuna.\" \/>\n<meta property=\"og:url\" content=\"https:\/\/www.seelitoivio.com\/tuote\/oinen-naky\/\" \/>\n<meta property=\"og:site_name\" content=\"Seeli Toivio\" \/>\n<meta property=\"article:modified_time\" content=\"2024-08-28T07:28:04+00:00\" \/>\n<meta property=\"og:image\" content=\"https:\/\/www.seelitoivio.com\/wp\/wp-content\/uploads\/2024\/08\/OinenNaky_etukansi.jpg\" \/>\n\t<meta property=\"og:image:width\" content=\"1642\" \/>\n\t<meta property=\"og:image:height\" content=\"1498\" \/>\n\t<meta property=\"og:image:type\" content=\"image\/jpeg\" \/>\n<meta name=\"twitter:card\" content=\"summary_large_image\" \/>\n<script type=\"application\/ld+json\" class=\"yoast-schema-graph\">{\"@context\":\"https:\/\/schema.org\",\"@graph\":[{\"@type\":\"WebPage\",\"@id\":\"https:\/\/www.seelitoivio.com\/tuote\/oinen-naky\/\",\"url\":\"https:\/\/www.seelitoivio.com\/tuote\/oinen-naky\/\",\"name\":\"\u00d6inen n\u00e4ky - Seeli Toivio\",\"isPartOf\":{\"@id\":\"https:\/\/www.seelitoivio.com\/#website\"},\"primaryImageOfPage\":{\"@id\":\"https:\/\/www.seelitoivio.com\/tuote\/oinen-naky\/#primaryimage\"},\"image\":{\"@id\":\"https:\/\/www.seelitoivio.com\/tuote\/oinen-naky\/#primaryimage\"},\"thumbnailUrl\":\"https:\/\/www.seelitoivio.com\/wp\/wp-content\/uploads\/2024\/08\/OinenNaky_etukansi.jpg\",\"datePublished\":\"2024-08-28T07:17:13+00:00\",\"dateModified\":\"2024-08-28T07:28:04+00:00\",\"description\":\"Seeli Toivion lapsuudesta mukana el\u00e4nyt laulu\u00e4\u00e4ni on viime vuosien my\u00f6t\u00e4 puhjennut ilmaisuun huomattavan vahvana ja jalona mezzosopraanona.T\u00e4ll\u00e4 laululevyll\u00e4\u00e4n esiintyy h\u00e4n my\u00f6s sellistin\u00e4, soittaen obligatoa itselleen laulussa Varpunen jouluaamuna.\",\"breadcrumb\":{\"@id\":\"https:\/\/www.seelitoivio.com\/tuote\/oinen-naky\/#breadcrumb\"},\"inLanguage\":\"en-US\",\"potentialAction\":[{\"@type\":\"ReadAction\",\"target\":[\"https:\/\/www.seelitoivio.com\/tuote\/oinen-naky\/\"]}]},{\"@type\":\"ImageObject\",\"inLanguage\":\"en-US\",\"@id\":\"https:\/\/www.seelitoivio.com\/tuote\/oinen-naky\/#primaryimage\",\"url\":\"https:\/\/www.seelitoivio.com\/wp\/wp-content\/uploads\/2024\/08\/OinenNaky_etukansi.jpg\",\"contentUrl\":\"https:\/\/www.seelitoivio.com\/wp\/wp-content\/uploads\/2024\/08\/OinenNaky_etukansi.jpg\",\"width\":1642,\"height\":1498},{\"@type\":\"BreadcrumbList\",\"@id\":\"https:\/\/www.seelitoivio.com\/tuote\/oinen-naky\/#breadcrumb\",\"itemListElement\":[{\"@type\":\"ListItem\",\"position\":1,\"name\":\"Etusivu\",\"item\":\"https:\/\/www.seelitoivio.com\/\"},{\"@type\":\"ListItem\",\"position\":2,\"name\":\"Shop\",\"item\":\"https:\/\/www.seelitoivio.com\/en\/shop\/\"},{\"@type\":\"ListItem\",\"position\":3,\"name\":\"\u00d6inen n\u00e4ky\"}]},{\"@type\":\"WebSite\",\"@id\":\"https:\/\/www.seelitoivio.com\/#website\",\"url\":\"https:\/\/www.seelitoivio.com\/\",\"name\":\"Seeli Toivio\",\"description\":\"laulaja-lauluntekij&auml;, sellisti ja s&auml;hk&ouml;sellisti\",\"potentialAction\":[{\"@type\":\"SearchAction\",\"target\":{\"@type\":\"EntryPoint\",\"urlTemplate\":\"https:\/\/www.seelitoivio.com\/?s={search_term_string}\"},\"query-input\":{\"@type\":\"PropertyValueSpecification\",\"valueRequired\":true,\"valueName\":\"search_term_string\"}}],\"inLanguage\":\"en-US\"}]}<\/script>\n<!-- \/ Yoast SEO plugin. -->","yoast_head_json":{"title":"\u00d6inen n\u00e4ky - Seeli Toivio","description":"Seeli Toivion lapsuudesta mukana el\u00e4nyt laulu\u00e4\u00e4ni on viime vuosien my\u00f6t\u00e4 puhjennut ilmaisuun huomattavan vahvana ja jalona mezzosopraanona.T\u00e4ll\u00e4 laululevyll\u00e4\u00e4n esiintyy h\u00e4n my\u00f6s sellistin\u00e4, soittaen obligatoa itselleen laulussa Varpunen jouluaamuna.","robots":{"index":"index","follow":"follow","max-snippet":"max-snippet:-1","max-image-preview":"max-image-preview:large","max-video-preview":"max-video-preview:-1"},"canonical":"https:\/\/www.seelitoivio.com\/tuote\/oinen-naky\/","og_locale":"en_US","og_type":"article","og_title":"\u00d6inen n\u00e4ky - Seeli Toivio","og_description":"Seeli Toivion lapsuudesta mukana el\u00e4nyt laulu\u00e4\u00e4ni on viime vuosien my\u00f6t\u00e4 puhjennut ilmaisuun huomattavan vahvana ja jalona mezzosopraanona.T\u00e4ll\u00e4 laululevyll\u00e4\u00e4n esiintyy h\u00e4n my\u00f6s sellistin\u00e4, soittaen obligatoa itselleen laulussa Varpunen jouluaamuna.","og_url":"https:\/\/www.seelitoivio.com\/tuote\/oinen-naky\/","og_site_name":"Seeli Toivio","article_modified_time":"2024-08-28T07:28:04+00:00","og_image":[{"width":1642,"height":1498,"url":"https:\/\/www.seelitoivio.com\/wp\/wp-content\/uploads\/2024\/08\/OinenNaky_etukansi.jpg","type":"image\/jpeg"}],"twitter_card":"summary_large_image","schema":{"@context":"https:\/\/schema.org","@graph":[{"@type":"WebPage","@id":"https:\/\/www.seelitoivio.com\/tuote\/oinen-naky\/","url":"https:\/\/www.seelitoivio.com\/tuote\/oinen-naky\/","name":"\u00d6inen n\u00e4ky - Seeli Toivio","isPartOf":{"@id":"https:\/\/www.seelitoivio.com\/#website"},"primaryImageOfPage":{"@id":"https:\/\/www.seelitoivio.com\/tuote\/oinen-naky\/#primaryimage"},"image":{"@id":"https:\/\/www.seelitoivio.com\/tuote\/oinen-naky\/#primaryimage"},"thumbnailUrl":"https:\/\/www.seelitoivio.com\/wp\/wp-content\/uploads\/2024\/08\/OinenNaky_etukansi.jpg","datePublished":"2024-08-28T07:17:13+00:00","dateModified":"2024-08-28T07:28:04+00:00","description":"Seeli Toivion lapsuudesta mukana el\u00e4nyt laulu\u00e4\u00e4ni on viime vuosien my\u00f6t\u00e4 puhjennut ilmaisuun huomattavan vahvana ja jalona mezzosopraanona.T\u00e4ll\u00e4 laululevyll\u00e4\u00e4n esiintyy h\u00e4n my\u00f6s sellistin\u00e4, soittaen obligatoa itselleen laulussa Varpunen jouluaamuna.","breadcrumb":{"@id":"https:\/\/www.seelitoivio.com\/tuote\/oinen-naky\/#breadcrumb"},"inLanguage":"en-US","potentialAction":[{"@type":"ReadAction","target":["https:\/\/www.seelitoivio.com\/tuote\/oinen-naky\/"]}]},{"@type":"ImageObject","inLanguage":"en-US","@id":"https:\/\/www.seelitoivio.com\/tuote\/oinen-naky\/#primaryimage","url":"https:\/\/www.seelitoivio.com\/wp\/wp-content\/uploads\/2024\/08\/OinenNaky_etukansi.jpg","contentUrl":"https:\/\/www.seelitoivio.com\/wp\/wp-content\/uploads\/2024\/08\/OinenNaky_etukansi.jpg","width":1642,"height":1498},{"@type":"BreadcrumbList","@id":"https:\/\/www.seelitoivio.com\/tuote\/oinen-naky\/#breadcrumb","itemListElement":[{"@type":"ListItem","position":1,"name":"Etusivu","item":"https:\/\/www.seelitoivio.com\/"},{"@type":"ListItem","position":2,"name":"Shop","item":"https:\/\/www.seelitoivio.com\/en\/shop\/"},{"@type":"ListItem","position":3,"name":"\u00d6inen n\u00e4ky"}]},{"@type":"WebSite","@id":"https:\/\/www.seelitoivio.com\/#website","url":"https:\/\/www.seelitoivio.com\/","name":"Seeli Toivio","description":"laulaja-lauluntekij&auml;, sellisti ja s&auml;hk&ouml;sellisti","potentialAction":[{"@type":"SearchAction","target":{"@type":"EntryPoint","urlTemplate":"https:\/\/www.seelitoivio.com\/?s={search_term_string}"},"query-input":{"@type":"PropertyValueSpecification","valueRequired":true,"valueName":"search_term_string"}}],"inLanguage":"en-US"}]}},"_links":{"self":[{"href":"https:\/\/www.seelitoivio.com\/en\/wp-json\/wp\/v2\/product\/6522","targetHints":{"allow":["GET"]}}],"collection":[{"href":"https:\/\/www.seelitoivio.com\/en\/wp-json\/wp\/v2\/product"}],"about":[{"href":"https:\/\/www.seelitoivio.com\/en\/wp-json\/wp\/v2\/types\/product"}],"replies":[{"embeddable":true,"href":"https:\/\/www.seelitoivio.com\/en\/wp-json\/wp\/v2\/comments?post=6522"}],"wp:featuredmedia":[{"embeddable":true,"href":"https:\/\/www.seelitoivio.com\/en\/wp-json\/wp\/v2\/media\/6524"}],"wp:attachment":[{"href":"https:\/\/www.seelitoivio.com\/en\/wp-json\/wp\/v2\/media?parent=6522"}],"wp:term":[{"taxonomy":"product_brand","embeddable":true,"href":"https:\/\/www.seelitoivio.com\/en\/wp-json\/wp\/v2\/product_brand?post=6522"},{"taxonomy":"product_cat","embeddable":true,"href":"https:\/\/www.seelitoivio.com\/en\/wp-json\/wp\/v2\/product_cat?post=6522"},{"taxonomy":"product_tag","embeddable":true,"href":"https:\/\/www.seelitoivio.com\/en\/wp-json\/wp\/v2\/product_tag?post=6522"}],"curies":[{"name":"wp","href":"https:\/\/api.w.org\/{rel}","templated":true}]}}